{"id":80,"date":"2022-04-06T21:29:06","date_gmt":"2022-04-07T02:29:06","guid":{"rendered":"https:\/\/postaldemexico.mx\/?page_id=80"},"modified":"2024-04-19T20:37:13","modified_gmt":"2024-04-20T02:37:13","slug":"la_ye","status":"publish","type":"page","link":"https:\/\/postaldemexico.mx\/english\/la_ye\/","title":{"rendered":"\u00bfQui\u00e9n soy?"},"content":{"rendered":"<div data-elementor-type=\"wp-page\" data-elementor-id=\"80\" class=\"elementor elementor-80\" data-elementor-post-type=\"page\">\n\t\t\t\t\t\t<section class=\"elementor-section elementor-top-section elementor-element elementor-element-7b5aaaa8 elementor-section-full_width elementor-section-height-default elementor-section-height-default\" data-id=\"7b5aaaa8\" data-element_type=\"section\" data-e-type=\"section\">\n\t\t\t\t\t\t<div class=\"elementor-container elementor-column-gap-default\">\n\t\t\t\t\t<div class=\"elementor-column elementor-col-100 elementor-top-column elementor-element elementor-element-58bdcb92\" data-id=\"58bdcb92\" data-element_type=\"column\" data-e-type=\"column\" data-settings=\"{&quot;background_background&quot;:&quot;classic&quot;}\">\n\t\t\t<div class=\"elementor-widget-wrap elementor-element-populated\">\n\t\t\t\t\t\t<div class=\"elementor-element elementor-element-6559d7b7 elementor-widget elementor-widget-heading\" data-id=\"6559d7b7\" data-element_type=\"widget\" data-e-type=\"widget\" data-widget_type=\"heading.default\">\n\t\t\t\t<div class=\"elementor-widget-container\">\n\t\t\t\t\t<h1 class=\"elementor-heading-title elementor-size-default\">About Me<\/h1>\t\t\t\t<\/div>\n\t\t\t\t<\/div>\n\t\t\t\t<div class=\"elementor-element elementor-element-4f4b7d9 elementor-widget elementor-widget-spacer\" data-id=\"4f4b7d9\" data-element_type=\"widget\" data-e-type=\"widget\" data-widget_type=\"spacer.default\">\n\t\t\t\t<div class=\"elementor-widget-container\">\n\t\t\t\t\t\t\t<div class=\"elementor-spacer\">\n\t\t\t<div class=\"elementor-spacer-inner\"><\/div>\n\t\t<\/div>\n\t\t\t\t\t\t<\/div>\n\t\t\t\t<\/div>\n\t\t\t\t\t<\/div>\n\t\t<\/div>\n\t\t\t\t\t<\/div>\n\t\t<\/section>\n\t\t\t\t<section class=\"elementor-section elementor-top-section elementor-element elementor-element-357b4cc3 elementor-section-boxed elementor-section-height-default elementor-section-height-default\" data-id=\"357b4cc3\" data-element_type=\"section\" data-e-type=\"section\">\n\t\t\t\t\t\t<div class=\"elementor-container elementor-column-gap-default\">\n\t\t\t\t\t<div class=\"elementor-column elementor-col-50 elementor-top-column elementor-element elementor-element-16f5023a\" data-id=\"16f5023a\" data-element_type=\"column\" data-e-type=\"column\" data-settings=\"{&quot;background_background&quot;:&quot;classic&quot;}\">\n\t\t\t<div class=\"elementor-widget-wrap elementor-element-populated\">\n\t\t\t\t\t\t<div class=\"elementor-element elementor-element-2f1e4e3f elementor-widget elementor-widget-image\" data-id=\"2f1e4e3f\" data-element_type=\"widget\" data-e-type=\"widget\" data-widget_type=\"image.default\">\n\t\t\t\t<div class=\"elementor-widget-container\">\n\t\t\t\t\t\t\t\t\t\t\t\t\t\t\t<img fetchpriority=\"high\" decoding=\"async\" width=\"768\" height=\"1024\" src=\"https:\/\/postaldemexico.mx\/wp-content\/uploads\/2022\/04\/La-Ye.jpeg\" class=\"attachment-large size-large wp-image-83\" alt=\"La Ye\" srcset=\"https:\/\/postaldemexico.mx\/wp-content\/uploads\/2022\/04\/La-Ye.jpeg 768w, https:\/\/postaldemexico.mx\/wp-content\/uploads\/2022\/04\/La-Ye-225x300.jpeg 225w, https:\/\/postaldemexico.mx\/wp-content\/uploads\/2022\/04\/La-Ye-9x12.jpeg 9w\" sizes=\"(max-width: 768px) 100vw, 768px\" \/>\t\t\t\t\t\t\t\t\t\t\t\t\t\t\t<\/div>\n\t\t\t\t<\/div>\n\t\t\t\t\t<\/div>\n\t\t<\/div>\n\t\t\t\t<div class=\"elementor-column elementor-col-50 elementor-top-column elementor-element elementor-element-5276c28\" data-id=\"5276c28\" data-element_type=\"column\" data-e-type=\"column\">\n\t\t\t<div class=\"elementor-widget-wrap elementor-element-populated\">\n\t\t\t\t\t\t<div class=\"elementor-element elementor-element-692fbf95 elementor-widget elementor-widget-text-editor\" data-id=\"692fbf95\" data-element_type=\"widget\" data-e-type=\"widget\" data-widget_type=\"text-editor.default\">\n\t\t\t\t<div class=\"elementor-widget-container\">\n\t\t\t\t\t\t\t\t\t<p>Hi! I'm Yemmy, and yes, this is my name and not my pseudonym. I was born in Mexico City. I am a woman, wife, mom, engineer and entrepreneur.<\/p><p>Estudi\u00e9 Ingenier\u00eda en Sistemas Electr\u00f3nicos, entr\u00e9 al mundo corporativo y me di cuenta de que necesitaba m\u00e1s que eso. Un gran desaf\u00edo es que me gusta aprender y casi todo me llama la atenci\u00f3n. Encontr\u00e9 en el emprendimiento una manera de canalizarlo y de apreciar todos los trabajos, oficios y profesiones.<\/p><p>I spent a lot of time at artisans fairs and chatting with artisans so the idea of selling Mexican handcrafts online came up. I was shocked to find out that between 60% and 80% of the handcrafts sold in Mexico are no longer Mexican, that is why my goal was to contribute by making sure that everything I bought was handmade and made by Mexicans and that was how art32.mx was born. I knew nothing about business and I thought my experience in technology would be enough aha! I trained with Pro-Empleo, Mujeres Moviendo M\u00e9xico, Nafin, Sedeco and I've taken as many courses as I've found online. Currently for personal reasons, this project is suspended.<\/p><p>Along the way I have met more entrepreneurs, artisans and designers, I find their stories and their processes fascinating. I've learned a lot from everything they have shared with me. Writing about them and about Mexico gives me the opportunity to broaden my vision, think, explore and learn more. I want to share all this with you and this is the purpose of Postal de M\u00e9xico(Postcard from Mexico).<\/p><p>I invite you to sign up to the newsletter so that you get an email everytime I publish new content.<\/p><p>And if you have a story to tell me, don't hesitate to <a href=\"https:\/\/postaldemexico.mx\/english\/contacto\/\">contact me<\/a><\/p>\t\t\t\t\t\t\t\t<\/div>\n\t\t\t\t<\/div>\n\t\t\t\t\t<\/div>\n\t\t<\/div>\n\t\t\t\t\t<\/div>\n\t\t<\/section>\n\t\t\t\t<\/div>","protected":false},"excerpt":{"rendered":"<p>Con\u00f3ceme \u00a1Hola! Soy Yemmy, si \u00e9ste es mi nombre y no mi pseud\u00f3nimo. Nac\u00ed en la Ciudad de M\u00e9xico. Soy mujer, esposa, mam\u00e1, ingeniera y emprendedora. Estudi\u00e9 Ingenier\u00eda en Sistemas Electr\u00f3nicos, entr\u00e9 al mundo corporativo y me di cuenta de que necesitaba m\u00e1s que eso. Un gran desaf\u00edo es que me gusta aprender y casi [&hellip;]<\/p>\n","protected":false},"author":1,"featured_media":83,"parent":0,"menu_order":0,"comment_status":"closed","ping_status":"closed","template":"","meta":{"footnotes":""},"class_list":["post-80","page","type-page","status-publish","has-post-thumbnail","hentry"],"yoast_head":"<!-- This site is optimized with the Yoast SEO plugin v27.5 - https:\/\/yoast.com\/product\/yoast-seo-wordpress\/ -->\n<title>\u00bfQui\u00e9n soy? - Postal de Mexico<\/title>\n<meta name=\"description\" content=\"Soy La Ye; mujer, esposa, mam\u00e1, ingeniera y emprendedora. Quiero que juntos exploremos M\u00e9xico y su cultura a trav\u00e9s de Postal de M\u00e9xico\" \/>\n<meta name=\"robots\" content=\"index, follow, max-snippet:-1, max-image-preview:large, max-video-preview:-1\" \/>\n<link rel=\"canonical\" href=\"https:\/\/postaldemexico.mx\/english\/la_ye\/\" \/>\n<meta property=\"og:locale\" content=\"en_US\" \/>\n<meta property=\"og:type\" content=\"article\" \/>\n<meta property=\"og:title\" content=\"\u00bfQui\u00e9n soy? - Postal de Mexico\" \/>\n<meta property=\"og:description\" content=\"Soy La Ye; mujer, esposa, mam\u00e1, ingeniera y emprendedora. Quiero que juntos exploremos M\u00e9xico y su cultura a trav\u00e9s de Postal de M\u00e9xico\" \/>\n<meta property=\"og:url\" content=\"https:\/\/postaldemexico.mx\/english\/la_ye\/\" \/>\n<meta property=\"og:site_name\" content=\"Postal de Mexico\" \/>\n<meta property=\"article:modified_time\" content=\"2024-04-20T02:37:13+00:00\" \/>\n<meta property=\"og:image\" content=\"https:\/\/postaldemexico.mx\/wp-content\/uploads\/2022\/04\/La-Ye.jpeg\" \/>\n\t<meta property=\"og:image:width\" content=\"768\" \/>\n\t<meta property=\"og:image:height\" content=\"1024\" \/>\n\t<meta property=\"og:image:type\" content=\"image\/jpeg\" \/>\n<meta name=\"twitter:card\" content=\"summary_large_image\" \/>\n<meta name=\"twitter:label1\" content=\"Est. reading time\" \/>\n\t<meta name=\"twitter:data1\" content=\"2 minutes\" \/>\n<script type=\"application\/ld+json\" class=\"yoast-schema-graph\">{\"@context\":\"https:\\\/\\\/schema.org\",\"@graph\":[{\"@type\":\"WebPage\",\"@id\":\"https:\\\/\\\/postaldemexico.mx\\\/la_ye\\\/\",\"url\":\"https:\\\/\\\/postaldemexico.mx\\\/la_ye\\\/\",\"name\":\"\u00bfQui\u00e9n soy? - Postal de Mexico\",\"isPartOf\":{\"@id\":\"https:\\\/\\\/postaldemexico.mx\\\/#website\"},\"primaryImageOfPage\":{\"@id\":\"https:\\\/\\\/postaldemexico.mx\\\/la_ye\\\/#primaryimage\"},\"image\":{\"@id\":\"https:\\\/\\\/postaldemexico.mx\\\/la_ye\\\/#primaryimage\"},\"thumbnailUrl\":\"https:\\\/\\\/postaldemexico.mx\\\/wp-content\\\/uploads\\\/2022\\\/04\\\/La-Ye.jpeg\",\"datePublished\":\"2022-04-07T02:29:06+00:00\",\"dateModified\":\"2024-04-20T02:37:13+00:00\",\"description\":\"Soy La Ye; mujer, esposa, mam\u00e1, ingeniera y emprendedora. Quiero que juntos exploremos M\u00e9xico y su cultura a trav\u00e9s de Postal de M\u00e9xico\",\"breadcrumb\":{\"@id\":\"https:\\\/\\\/postaldemexico.mx\\\/la_ye\\\/#breadcrumb\"},\"inLanguage\":\"en-US\",\"potentialAction\":[{\"@type\":\"ReadAction\",\"target\":[\"https:\\\/\\\/postaldemexico.mx\\\/la_ye\\\/\"]}]},{\"@type\":\"ImageObject\",\"inLanguage\":\"en-US\",\"@id\":\"https:\\\/\\\/postaldemexico.mx\\\/la_ye\\\/#primaryimage\",\"url\":\"https:\\\/\\\/postaldemexico.mx\\\/wp-content\\\/uploads\\\/2022\\\/04\\\/La-Ye.jpeg\",\"contentUrl\":\"https:\\\/\\\/postaldemexico.mx\\\/wp-content\\\/uploads\\\/2022\\\/04\\\/La-Ye.jpeg\",\"width\":768,\"height\":1024,\"caption\":\"La Ye\"},{\"@type\":\"BreadcrumbList\",\"@id\":\"https:\\\/\\\/postaldemexico.mx\\\/la_ye\\\/#breadcrumb\",\"itemListElement\":[{\"@type\":\"ListItem\",\"position\":1,\"name\":\"Inicio\",\"item\":\"https:\\\/\\\/postaldemexico.mx\\\/\"},{\"@type\":\"ListItem\",\"position\":2,\"name\":\"\u00bfQui\u00e9n soy?\"}]},{\"@type\":\"WebSite\",\"@id\":\"https:\\\/\\\/postaldemexico.mx\\\/#website\",\"url\":\"https:\\\/\\\/postaldemexico.mx\\\/\",\"name\":\"Postal de Mexico\",\"description\":\"Dejame que te cuente algo de Mexico\",\"publisher\":{\"@id\":\"https:\\\/\\\/postaldemexico.mx\\\/#organization\"},\"potentialAction\":[{\"@type\":\"SearchAction\",\"target\":{\"@type\":\"EntryPoint\",\"urlTemplate\":\"https:\\\/\\\/postaldemexico.mx\\\/?s={search_term_string}\"},\"query-input\":{\"@type\":\"PropertyValueSpecification\",\"valueRequired\":true,\"valueName\":\"search_term_string\"}}],\"inLanguage\":\"en-US\"},{\"@type\":\"Organization\",\"@id\":\"https:\\\/\\\/postaldemexico.mx\\\/#organization\",\"name\":\"Postal de Mexico\",\"url\":\"https:\\\/\\\/postaldemexico.mx\\\/\",\"logo\":{\"@type\":\"ImageObject\",\"inLanguage\":\"en-US\",\"@id\":\"https:\\\/\\\/postaldemexico.mx\\\/#\\\/schema\\\/logo\\\/image\\\/\",\"url\":\"https:\\\/\\\/postaldemexico.mx\\\/wp-content\\\/uploads\\\/2022\\\/04\\\/Logotipo_PDM_150x100_Color.png\",\"contentUrl\":\"https:\\\/\\\/postaldemexico.mx\\\/wp-content\\\/uploads\\\/2022\\\/04\\\/Logotipo_PDM_150x100_Color.png\",\"width\":150,\"height\":100,\"caption\":\"Postal de Mexico\"},\"image\":{\"@id\":\"https:\\\/\\\/postaldemexico.mx\\\/#\\\/schema\\\/logo\\\/image\\\/\"}}]}<\/script>\n<!-- \/ Yoast SEO plugin. -->","yoast_head_json":{"title":"\u00bfQui\u00e9n soy? - Postal de Mexico","description":"Soy La Ye; mujer, esposa, mam\u00e1, ingeniera y emprendedora. Quiero que juntos exploremos M\u00e9xico y su cultura a trav\u00e9s de Postal de M\u00e9xico","robots":{"index":"index","follow":"follow","max-snippet":"max-snippet:-1","max-image-preview":"max-image-preview:large","max-video-preview":"max-video-preview:-1"},"canonical":"https:\/\/postaldemexico.mx\/english\/la_ye\/","og_locale":"en_US","og_type":"article","og_title":"\u00bfQui\u00e9n soy? - Postal de Mexico","og_description":"Soy La Ye; mujer, esposa, mam\u00e1, ingeniera y emprendedora. Quiero que juntos exploremos M\u00e9xico y su cultura a trav\u00e9s de Postal de M\u00e9xico","og_url":"https:\/\/postaldemexico.mx\/english\/la_ye\/","og_site_name":"Postal de Mexico","article_modified_time":"2024-04-20T02:37:13+00:00","og_image":[{"width":768,"height":1024,"url":"https:\/\/postaldemexico.mx\/wp-content\/uploads\/2022\/04\/La-Ye.jpeg","type":"image\/jpeg"}],"twitter_card":"summary_large_image","twitter_misc":{"Est. reading time":"2 minutes"},"schema":{"@context":"https:\/\/schema.org","@graph":[{"@type":"WebPage","@id":"https:\/\/postaldemexico.mx\/la_ye\/","url":"https:\/\/postaldemexico.mx\/la_ye\/","name":"\u00bfQui\u00e9n soy? - Postal de Mexico","isPartOf":{"@id":"https:\/\/postaldemexico.mx\/#website"},"primaryImageOfPage":{"@id":"https:\/\/postaldemexico.mx\/la_ye\/#primaryimage"},"image":{"@id":"https:\/\/postaldemexico.mx\/la_ye\/#primaryimage"},"thumbnailUrl":"https:\/\/postaldemexico.mx\/wp-content\/uploads\/2022\/04\/La-Ye.jpeg","datePublished":"2022-04-07T02:29:06+00:00","dateModified":"2024-04-20T02:37:13+00:00","description":"Soy La Ye; mujer, esposa, mam\u00e1, ingeniera y emprendedora. Quiero que juntos exploremos M\u00e9xico y su cultura a trav\u00e9s de Postal de M\u00e9xico","breadcrumb":{"@id":"https:\/\/postaldemexico.mx\/la_ye\/#breadcrumb"},"inLanguage":"en-US","potentialAction":[{"@type":"ReadAction","target":["https:\/\/postaldemexico.mx\/la_ye\/"]}]},{"@type":"ImageObject","inLanguage":"en-US","@id":"https:\/\/postaldemexico.mx\/la_ye\/#primaryimage","url":"https:\/\/postaldemexico.mx\/wp-content\/uploads\/2022\/04\/La-Ye.jpeg","contentUrl":"https:\/\/postaldemexico.mx\/wp-content\/uploads\/2022\/04\/La-Ye.jpeg","width":768,"height":1024,"caption":"La Ye"},{"@type":"BreadcrumbList","@id":"https:\/\/postaldemexico.mx\/la_ye\/#breadcrumb","itemListElement":[{"@type":"ListItem","position":1,"name":"Inicio","item":"https:\/\/postaldemexico.mx\/"},{"@type":"ListItem","position":2,"name":"\u00bfQui\u00e9n soy?"}]},{"@type":"WebSite","@id":"https:\/\/postaldemexico.mx\/#website","url":"https:\/\/postaldemexico.mx\/","name":"Postal de Mexico","description":"Dejame que te cuente algo de Mexico","publisher":{"@id":"https:\/\/postaldemexico.mx\/#organization"},"potentialAction":[{"@type":"SearchAction","target":{"@type":"EntryPoint","urlTemplate":"https:\/\/postaldemexico.mx\/?s={search_term_string}"},"query-input":{"@type":"PropertyValueSpecification","valueRequired":true,"valueName":"search_term_string"}}],"inLanguage":"en-US"},{"@type":"Organization","@id":"https:\/\/postaldemexico.mx\/#organization","name":"Postal de Mexico","url":"https:\/\/postaldemexico.mx\/","logo":{"@type":"ImageObject","inLanguage":"en-US","@id":"https:\/\/postaldemexico.mx\/#\/schema\/logo\/image\/","url":"https:\/\/postaldemexico.mx\/wp-content\/uploads\/2022\/04\/Logotipo_PDM_150x100_Color.png","contentUrl":"https:\/\/postaldemexico.mx\/wp-content\/uploads\/2022\/04\/Logotipo_PDM_150x100_Color.png","width":150,"height":100,"caption":"Postal de Mexico"},"image":{"@id":"https:\/\/postaldemexico.mx\/#\/schema\/logo\/image\/"}}]}},"_links":{"self":[{"href":"https:\/\/postaldemexico.mx\/english\/wp-json\/wp\/v2\/pages\/80","targetHints":{"allow":["GET"]}}],"collection":[{"href":"https:\/\/postaldemexico.mx\/english\/wp-json\/wp\/v2\/pages"}],"about":[{"href":"https:\/\/postaldemexico.mx\/english\/wp-json\/wp\/v2\/types\/page"}],"author":[{"embeddable":true,"href":"https:\/\/postaldemexico.mx\/english\/wp-json\/wp\/v2\/users\/1"}],"replies":[{"embeddable":true,"href":"https:\/\/postaldemexico.mx\/english\/wp-json\/wp\/v2\/comments?post=80"}],"version-history":[{"count":0,"href":"https:\/\/postaldemexico.mx\/english\/wp-json\/wp\/v2\/pages\/80\/revisions"}],"wp:featuredmedia":[{"embeddable":true,"href":"https:\/\/postaldemexico.mx\/english\/wp-json\/wp\/v2\/media\/83"}],"wp:attachment":[{"href":"https:\/\/postaldemexico.mx\/english\/wp-json\/wp\/v2\/media?parent=80"}],"curies":[{"name":"wp","href":"https:\/\/api.w.org\/{rel}","templated":true}]}}