{"id":111,"date":"2022-04-06T21:47:08","date_gmt":"2022-04-07T02:47:08","guid":{"rendered":"https:\/\/postaldemexico.mx\/?page_id=111"},"modified":"2022-04-06T21:47:47","modified_gmt":"2022-04-07T02:47:47","slug":"derechos-de-autor","status":"publish","type":"page","link":"https:\/\/postaldemexico.mx\/english\/derechos-de-autor\/","title":{"rendered":"Copyright Notice"},"content":{"rendered":"<div data-elementor-type=\"wp-page\" data-elementor-id=\"111\" class=\"elementor elementor-111\" data-elementor-post-type=\"page\">\n\t\t\t\t\t\t<section class=\"elementor-section elementor-top-section elementor-element elementor-element-4f995883 elementor-section-boxed elementor-section-height-default elementor-section-height-default\" data-id=\"4f995883\" data-element_type=\"section\" data-e-type=\"section\">\n\t\t\t\t\t\t<div class=\"elementor-container elementor-column-gap-default\">\n\t\t\t\t\t<div class=\"elementor-column elementor-col-100 elementor-top-column elementor-element elementor-element-566406a9\" data-id=\"566406a9\" data-element_type=\"column\" data-e-type=\"column\">\n\t\t\t<div class=\"elementor-widget-wrap elementor-element-populated\">\n\t\t\t\t\t\t<div class=\"elementor-element elementor-element-37245b5b elementor-widget elementor-widget-text-editor\" data-id=\"37245b5b\" data-element_type=\"widget\" data-e-type=\"widget\" data-widget_type=\"text-editor.default\">\n\t\t\t\t<div class=\"elementor-widget-container\">\n\t\t\t\t\t\t\t\t\t<p id=\"tw-target-text\" class=\"tw-data-text tw-text-large XcVN5d tw-ta\" dir=\"ltr\" data-placeholder=\"Translation\"><span class=\"Y2IQFc\" lang=\"es\">This website and its content is copyright of Postal de Mexico - \u00a9 Postal de Mexico 2020. All rights reserved.<\/span><\/p><p class=\"tw-data-text tw-text-large XcVN5d tw-ta\" dir=\"ltr\" data-placeholder=\"Translation\"><span class=\"Y2IQFc\" lang=\"es\">Any redistribution or reproduction of part or all of the contents in any form is prohibited other than the following: <\/span><\/p><ul><li class=\"tw-data-text tw-text-large XcVN5d tw-ta\" dir=\"ltr\" data-placeholder=\"Translation\"><span class=\"Y2IQFc\" lang=\"es\">you may print or download to a local hard disk extracts for your personal and non-commercial use only <\/span><\/li><li class=\"tw-data-text tw-text-large XcVN5d tw-ta\" dir=\"ltr\" data-placeholder=\"Translation\"><span class=\"Y2IQFc\" lang=\"es\">you may copy the content to individual third parties for their personal use, but only if you acknowledge the website as the source of the material <\/span><\/li><\/ul><p dir=\"ltr\" data-placeholder=\"Translation\">\u00a0<\/p><p class=\"tw-data-text tw-text-large XcVN5d tw-ta\" dir=\"ltr\" data-placeholder=\"Translation\"><span class=\"Y2IQFc\" lang=\"es\">You may not, except with our express written permission, distribute or commercially exploit the content. Nor may you transmit it or store it in any other website or other form of electronic retrieval system.<\/span><\/p>\t\t\t\t\t\t\t\t<\/div>\n\t\t\t\t<\/div>\n\t\t\t\t\t<\/div>\n\t\t<\/div>\n\t\t\t\t\t<\/div>\n\t\t<\/section>\n\t\t\t\t<\/div>","protected":false},"excerpt":{"rendered":"<p>Este sitio web y su contenido son propiedad de Postal de Mexico &#8211; \u00a9 Postal de Mexico 2022. Todos los derechos reservados. Se proh\u00edbe cualquier redistribuci\u00f3n o reproducci\u00f3n de parte o la totalidad del contenido en cualquier forma que no sea la siguiente: puede imprimir o descargar en un disco duro local extractos para su [&hellip;]<\/p>\n","protected":false},"author":1,"featured_media":0,"parent":0,"menu_order":0,"comment_status":"closed","ping_status":"closed","template":"","meta":{"footnotes":""},"class_list":["post-111","page","type-page","status-publish","hentry"],"yoast_head":"<!-- This site is optimized with the Yoast SEO plugin v27.5 - https:\/\/yoast.com\/product\/yoast-seo-wordpress\/ -->\n<title>Derechos de Autor - Postal de Mexico<\/title>\n<meta name=\"robots\" content=\"index, follow, max-snippet:-1, max-image-preview:large, max-video-preview:-1\" \/>\n<link rel=\"canonical\" href=\"https:\/\/postaldemexico.mx\/english\/derechos-de-autor\/\" \/>\n<meta property=\"og:locale\" content=\"en_US\" \/>\n<meta property=\"og:type\" content=\"article\" \/>\n<meta property=\"og:title\" content=\"Derechos de Autor - Postal de Mexico\" \/>\n<meta property=\"og:description\" content=\"Este sitio web y su contenido son propiedad de Postal de Mexico &#8211; \u00a9 Postal de Mexico 2022. Todos los derechos reservados. Se proh\u00edbe cualquier redistribuci\u00f3n o reproducci\u00f3n de parte o la totalidad del contenido en cualquier forma que no sea la siguiente: puede imprimir o descargar en un disco duro local extractos para su [&hellip;]\" \/>\n<meta property=\"og:url\" content=\"https:\/\/postaldemexico.mx\/english\/derechos-de-autor\/\" \/>\n<meta property=\"og:site_name\" content=\"Postal de Mexico\" \/>\n<meta property=\"article:modified_time\" content=\"2022-04-07T02:47:47+00:00\" \/>\n<meta name=\"twitter:card\" content=\"summary_large_image\" \/>\n<meta name=\"twitter:label1\" content=\"Est. reading time\" \/>\n\t<meta name=\"twitter:data1\" content=\"1 minute\" \/>\n<script type=\"application\/ld+json\" class=\"yoast-schema-graph\">{\"@context\":\"https:\\\/\\\/schema.org\",\"@graph\":[{\"@type\":\"WebPage\",\"@id\":\"https:\\\/\\\/postaldemexico.mx\\\/derechos-de-autor\\\/\",\"url\":\"https:\\\/\\\/postaldemexico.mx\\\/derechos-de-autor\\\/\",\"name\":\"Derechos de Autor - Postal de Mexico\",\"isPartOf\":{\"@id\":\"https:\\\/\\\/postaldemexico.mx\\\/#website\"},\"datePublished\":\"2022-04-07T02:47:08+00:00\",\"dateModified\":\"2022-04-07T02:47:47+00:00\",\"breadcrumb\":{\"@id\":\"https:\\\/\\\/postaldemexico.mx\\\/derechos-de-autor\\\/#breadcrumb\"},\"inLanguage\":\"en-US\",\"potentialAction\":[{\"@type\":\"ReadAction\",\"target\":[\"https:\\\/\\\/postaldemexico.mx\\\/derechos-de-autor\\\/\"]}]},{\"@type\":\"BreadcrumbList\",\"@id\":\"https:\\\/\\\/postaldemexico.mx\\\/derechos-de-autor\\\/#breadcrumb\",\"itemListElement\":[{\"@type\":\"ListItem\",\"position\":1,\"name\":\"Inicio\",\"item\":\"https:\\\/\\\/postaldemexico.mx\\\/\"},{\"@type\":\"ListItem\",\"position\":2,\"name\":\"Derechos de Autor\"}]},{\"@type\":\"WebSite\",\"@id\":\"https:\\\/\\\/postaldemexico.mx\\\/#website\",\"url\":\"https:\\\/\\\/postaldemexico.mx\\\/\",\"name\":\"Postal de Mexico\",\"description\":\"Dejame que te cuente algo de Mexico\",\"publisher\":{\"@id\":\"https:\\\/\\\/postaldemexico.mx\\\/#organization\"},\"potentialAction\":[{\"@type\":\"SearchAction\",\"target\":{\"@type\":\"EntryPoint\",\"urlTemplate\":\"https:\\\/\\\/postaldemexico.mx\\\/?s={search_term_string}\"},\"query-input\":{\"@type\":\"PropertyValueSpecification\",\"valueRequired\":true,\"valueName\":\"search_term_string\"}}],\"inLanguage\":\"en-US\"},{\"@type\":\"Organization\",\"@id\":\"https:\\\/\\\/postaldemexico.mx\\\/#organization\",\"name\":\"Postal de Mexico\",\"url\":\"https:\\\/\\\/postaldemexico.mx\\\/\",\"logo\":{\"@type\":\"ImageObject\",\"inLanguage\":\"en-US\",\"@id\":\"https:\\\/\\\/postaldemexico.mx\\\/#\\\/schema\\\/logo\\\/image\\\/\",\"url\":\"https:\\\/\\\/postaldemexico.mx\\\/wp-content\\\/uploads\\\/2022\\\/04\\\/Logotipo_PDM_150x100_Color.png\",\"contentUrl\":\"https:\\\/\\\/postaldemexico.mx\\\/wp-content\\\/uploads\\\/2022\\\/04\\\/Logotipo_PDM_150x100_Color.png\",\"width\":150,\"height\":100,\"caption\":\"Postal de Mexico\"},\"image\":{\"@id\":\"https:\\\/\\\/postaldemexico.mx\\\/#\\\/schema\\\/logo\\\/image\\\/\"}}]}<\/script>\n<!-- \/ Yoast SEO plugin. -->","yoast_head_json":{"title":"Derechos de Autor - Postal de Mexico","robots":{"index":"index","follow":"follow","max-snippet":"max-snippet:-1","max-image-preview":"max-image-preview:large","max-video-preview":"max-video-preview:-1"},"canonical":"https:\/\/postaldemexico.mx\/english\/derechos-de-autor\/","og_locale":"en_US","og_type":"article","og_title":"Derechos de Autor - Postal de Mexico","og_description":"Este sitio web y su contenido son propiedad de Postal de Mexico &#8211; \u00a9 Postal de Mexico 2022. Todos los derechos reservados. Se proh\u00edbe cualquier redistribuci\u00f3n o reproducci\u00f3n de parte o la totalidad del contenido en cualquier forma que no sea la siguiente: puede imprimir o descargar en un disco duro local extractos para su [&hellip;]","og_url":"https:\/\/postaldemexico.mx\/english\/derechos-de-autor\/","og_site_name":"Postal de Mexico","article_modified_time":"2022-04-07T02:47:47+00:00","twitter_card":"summary_large_image","twitter_misc":{"Est. reading time":"1 minute"},"schema":{"@context":"https:\/\/schema.org","@graph":[{"@type":"WebPage","@id":"https:\/\/postaldemexico.mx\/derechos-de-autor\/","url":"https:\/\/postaldemexico.mx\/derechos-de-autor\/","name":"Derechos de Autor - Postal de Mexico","isPartOf":{"@id":"https:\/\/postaldemexico.mx\/#website"},"datePublished":"2022-04-07T02:47:08+00:00","dateModified":"2022-04-07T02:47:47+00:00","breadcrumb":{"@id":"https:\/\/postaldemexico.mx\/derechos-de-autor\/#breadcrumb"},"inLanguage":"en-US","potentialAction":[{"@type":"ReadAction","target":["https:\/\/postaldemexico.mx\/derechos-de-autor\/"]}]},{"@type":"BreadcrumbList","@id":"https:\/\/postaldemexico.mx\/derechos-de-autor\/#breadcrumb","itemListElement":[{"@type":"ListItem","position":1,"name":"Inicio","item":"https:\/\/postaldemexico.mx\/"},{"@type":"ListItem","position":2,"name":"Derechos de Autor"}]},{"@type":"WebSite","@id":"https:\/\/postaldemexico.mx\/#website","url":"https:\/\/postaldemexico.mx\/","name":"Postal de Mexico","description":"Dejame que te cuente algo de Mexico","publisher":{"@id":"https:\/\/postaldemexico.mx\/#organization"},"potentialAction":[{"@type":"SearchAction","target":{"@type":"EntryPoint","urlTemplate":"https:\/\/postaldemexico.mx\/?s={search_term_string}"},"query-input":{"@type":"PropertyValueSpecification","valueRequired":true,"valueName":"search_term_string"}}],"inLanguage":"en-US"},{"@type":"Organization","@id":"https:\/\/postaldemexico.mx\/#organization","name":"Postal de Mexico","url":"https:\/\/postaldemexico.mx\/","logo":{"@type":"ImageObject","inLanguage":"en-US","@id":"https:\/\/postaldemexico.mx\/#\/schema\/logo\/image\/","url":"https:\/\/postaldemexico.mx\/wp-content\/uploads\/2022\/04\/Logotipo_PDM_150x100_Color.png","contentUrl":"https:\/\/postaldemexico.mx\/wp-content\/uploads\/2022\/04\/Logotipo_PDM_150x100_Color.png","width":150,"height":100,"caption":"Postal de Mexico"},"image":{"@id":"https:\/\/postaldemexico.mx\/#\/schema\/logo\/image\/"}}]}},"_links":{"self":[{"href":"https:\/\/postaldemexico.mx\/english\/wp-json\/wp\/v2\/pages\/111","targetHints":{"allow":["GET"]}}],"collection":[{"href":"https:\/\/postaldemexico.mx\/english\/wp-json\/wp\/v2\/pages"}],"about":[{"href":"https:\/\/postaldemexico.mx\/english\/wp-json\/wp\/v2\/types\/page"}],"author":[{"embeddable":true,"href":"https:\/\/postaldemexico.mx\/english\/wp-json\/wp\/v2\/users\/1"}],"replies":[{"embeddable":true,"href":"https:\/\/postaldemexico.mx\/english\/wp-json\/wp\/v2\/comments?post=111"}],"version-history":[{"count":0,"href":"https:\/\/postaldemexico.mx\/english\/wp-json\/wp\/v2\/pages\/111\/revisions"}],"wp:attachment":[{"href":"https:\/\/postaldemexico.mx\/english\/wp-json\/wp\/v2\/media?parent=111"}],"curies":[{"name":"wp","href":"https:\/\/api.w.org\/{rel}","templated":true}]}}